{"id":78,"date":"2019-08-05T16:01:52","date_gmt":"2019-08-05T14:01:52","guid":{"rendered":"http:\/\/durnig.loc:81\/?page_id=78"},"modified":"2021-12-30T18:44:50","modified_gmt":"2021-12-30T17:44:50","slug":"cosmetic-surgeon-klagenfurt","status":"publish","type":"page","link":"https:\/\/medicalbeautyconcepts.com\/en\/cosmetic-surgeon-klagenfurt\/","title":{"rendered":"Register"},"content":{"rendered":"<p class=\"has-text-align-center\">GREAT that you are here!<\/p>\n\n\n\n<p class=\"has-text-align-center\">Please enter your <strong>Beauty ID<\/strong> and learn more about <strong>your individual beauty concept <\/strong><\/p>","protected":false},"excerpt":{"rendered":"<p>GREAT that you are here! Please enter your Beauty ID and find out more about your individual beauty concept<\/p>","protected":false},"author":1,"featured_media":0,"parent":0,"menu_order":0,"comment_status":"closed","ping_status":"closed","template":"template-login.php","meta":{"_acf_changed":false,"footnotes":""},"class_list":["post-78","page","type-page","status-publish","hentry"],"acf":[],"yoast_head":"<!-- This site is optimized with the Yoast SEO plugin v26.8 - https:\/\/yoast.com\/product\/yoast-seo-wordpress\/ -->\n<title>login Beauty ConceptAnmelden | Medical Beauty Concepts<\/title>\n<meta name=\"description\" content=\"login: Ihr pers\u00f6nliches Beauty Concept ... Zugangscode erh\u00e4ltlich beim Erstgespr\u00e4ch mit Dr. Durnig in der Ordination in Klagenfurt oder Velden\" \/>\n<meta name=\"robots\" content=\"index, follow, max-snippet:-1, max-image-preview:large, max-video-preview:-1\" \/>\n<link rel=\"canonical\" href=\"https:\/\/medicalbeautyconcepts.com\/en\/cosmetic-surgeon-klagenfurt\/\" \/>\n<meta property=\"og:locale\" content=\"en_GB\" \/>\n<meta property=\"og:type\" content=\"article\" \/>\n<meta property=\"og:title\" content=\"login Beauty ConceptAnmelden | Medical Beauty Concepts\" \/>\n<meta property=\"og:description\" content=\"login: Ihr pers\u00f6nliches Beauty Concept ... Zugangscode erh\u00e4ltlich beim Erstgespr\u00e4ch mit Dr. Durnig in der Ordination in Klagenfurt oder Velden\" \/>\n<meta property=\"og:url\" content=\"https:\/\/medicalbeautyconcepts.com\/en\/cosmetic-surgeon-klagenfurt\/\" \/>\n<meta property=\"og:site_name\" content=\"Medical Beauty Concepts\" \/>\n<meta property=\"article:modified_time\" content=\"2021-12-30T17:44:50+00:00\" \/>\n<meta name=\"twitter:card\" content=\"summary_large_image\" \/>\n<meta name=\"twitter:label1\" content=\"Estimated reading time\" \/>\n\t<meta name=\"twitter:data1\" content=\"1 minute\" \/>\n<script type=\"application\/ld+json\" class=\"yoast-schema-graph\">{\"@context\":\"https:\/\/schema.org\",\"@graph\":[{\"@type\":\"WebPage\",\"@id\":\"https:\/\/medicalbeautyconcepts.com\/schoenheitschirurg-klagenfurt\/\",\"url\":\"https:\/\/medicalbeautyconcepts.com\/schoenheitschirurg-klagenfurt\/\",\"name\":\"login Beauty ConceptAnmelden | Medical Beauty Concepts\",\"isPartOf\":{\"@id\":\"https:\/\/medicalbeautyconcepts.com\/#website\"},\"datePublished\":\"2019-08-05T14:01:52+00:00\",\"dateModified\":\"2021-12-30T17:44:50+00:00\",\"description\":\"login: Ihr pers\u00f6nliches Beauty Concept ... Zugangscode erh\u00e4ltlich beim Erstgespr\u00e4ch mit Dr. Durnig in der Ordination in Klagenfurt oder Velden\",\"breadcrumb\":{\"@id\":\"https:\/\/medicalbeautyconcepts.com\/schoenheitschirurg-klagenfurt\/#breadcrumb\"},\"inLanguage\":\"en-GB\",\"potentialAction\":[{\"@type\":\"ReadAction\",\"target\":[\"https:\/\/medicalbeautyconcepts.com\/schoenheitschirurg-klagenfurt\/\"]}]},{\"@type\":\"BreadcrumbList\",\"@id\":\"https:\/\/medicalbeautyconcepts.com\/schoenheitschirurg-klagenfurt\/#breadcrumb\",\"itemListElement\":[{\"@type\":\"ListItem\",\"position\":1,\"name\":\"Home\",\"item\":\"https:\/\/medicalbeautyconcepts.com\/\"},{\"@type\":\"ListItem\",\"position\":2,\"name\":\"Anmelden\"}]},{\"@type\":\"WebSite\",\"@id\":\"https:\/\/medicalbeautyconcepts.com\/#website\",\"url\":\"https:\/\/medicalbeautyconcepts.com\/\",\"name\":\"Medical Beauty Concepts\",\"description\":\"Premium Aesthetic Medicine\",\"publisher\":{\"@id\":\"https:\/\/medicalbeautyconcepts.com\/#organization\"},\"potentialAction\":[{\"@type\":\"SearchAction\",\"target\":{\"@type\":\"EntryPoint\",\"urlTemplate\":\"https:\/\/medicalbeautyconcepts.com\/?s={search_term_string}\"},\"query-input\":{\"@type\":\"PropertyValueSpecification\",\"valueRequired\":true,\"valueName\":\"search_term_string\"}}],\"inLanguage\":\"en-GB\"},{\"@type\":\"Organization\",\"@id\":\"https:\/\/medicalbeautyconcepts.com\/#organization\",\"name\":\"Medical Beauty Concepts\",\"url\":\"https:\/\/medicalbeautyconcepts.com\/\",\"logo\":{\"@type\":\"ImageObject\",\"inLanguage\":\"en-GB\",\"@id\":\"https:\/\/medicalbeautyconcepts.com\/#\/schema\/logo\/image\/\",\"url\":\"https:\/\/medicalbeautyconcepts.com\/wp-content\/uploads\/2019\/08\/medical-beauty-concepts.png\",\"contentUrl\":\"https:\/\/medicalbeautyconcepts.com\/wp-content\/uploads\/2019\/08\/medical-beauty-concepts.png\",\"width\":442,\"height\":134,\"caption\":\"Medical Beauty Concepts\"},\"image\":{\"@id\":\"https:\/\/medicalbeautyconcepts.com\/#\/schema\/logo\/image\/\"},\"sameAs\":[\"https:\/\/www.instagram.com\/plastischechirurgiegram\/\"]}]}<\/script>\n<!-- \/ Yoast SEO plugin. -->","yoast_head_json":{"title":"login Beauty ConceptLogin | Medical Beauty Concepts","description":"login: Your personal Beauty Concept ... Access code available at the initial consultation with Dr. Durnig in the practice in Klagenfurt or Velden","robots":{"index":"index","follow":"follow","max-snippet":"max-snippet:-1","max-image-preview":"max-image-preview:large","max-video-preview":"max-video-preview:-1"},"canonical":"https:\/\/medicalbeautyconcepts.com\/en\/cosmetic-surgeon-klagenfurt\/","og_locale":"en_GB","og_type":"article","og_title":"login Beauty ConceptAnmelden | Medical Beauty Concepts","og_description":"login: Ihr pers\u00f6nliches Beauty Concept ... Zugangscode erh\u00e4ltlich beim Erstgespr\u00e4ch mit Dr. Durnig in der Ordination in Klagenfurt oder Velden","og_url":"https:\/\/medicalbeautyconcepts.com\/en\/cosmetic-surgeon-klagenfurt\/","og_site_name":"Medical Beauty Concepts","article_modified_time":"2021-12-30T17:44:50+00:00","twitter_card":"summary_large_image","twitter_misc":{"Estimated reading time":"1 minute"},"schema":{"@context":"https:\/\/schema.org","@graph":[{"@type":"WebPage","@id":"https:\/\/medicalbeautyconcepts.com\/schoenheitschirurg-klagenfurt\/","url":"https:\/\/medicalbeautyconcepts.com\/schoenheitschirurg-klagenfurt\/","name":"login Beauty ConceptLogin | Medical Beauty Concepts","isPartOf":{"@id":"https:\/\/medicalbeautyconcepts.com\/#website"},"datePublished":"2019-08-05T14:01:52+00:00","dateModified":"2021-12-30T17:44:50+00:00","description":"login: Your personal Beauty Concept ... Access code available at the initial consultation with Dr. Durnig in the practice in Klagenfurt or Velden","breadcrumb":{"@id":"https:\/\/medicalbeautyconcepts.com\/schoenheitschirurg-klagenfurt\/#breadcrumb"},"inLanguage":"en-GB","potentialAction":[{"@type":"ReadAction","target":["https:\/\/medicalbeautyconcepts.com\/schoenheitschirurg-klagenfurt\/"]}]},{"@type":"BreadcrumbList","@id":"https:\/\/medicalbeautyconcepts.com\/schoenheitschirurg-klagenfurt\/#breadcrumb","itemListElement":[{"@type":"ListItem","position":1,"name":"Home","item":"https:\/\/medicalbeautyconcepts.com\/"},{"@type":"ListItem","position":2,"name":"Anmelden"}]},{"@type":"WebSite","@id":"https:\/\/medicalbeautyconcepts.com\/#website","url":"https:\/\/medicalbeautyconcepts.com\/","name":"Medical Beauty Concepts","description":"Premium Aesthetic Medicine","publisher":{"@id":"https:\/\/medicalbeautyconcepts.com\/#organization"},"potentialAction":[{"@type":"SearchAction","target":{"@type":"EntryPoint","urlTemplate":"https:\/\/medicalbeautyconcepts.com\/?s={search_term_string}"},"query-input":{"@type":"PropertyValueSpecification","valueRequired":true,"valueName":"search_term_string"}}],"inLanguage":"en-GB"},{"@type":"Organization","@id":"https:\/\/medicalbeautyconcepts.com\/#organization","name":"Medical Beauty Concepts","url":"https:\/\/medicalbeautyconcepts.com\/","logo":{"@type":"ImageObject","inLanguage":"en-GB","@id":"https:\/\/medicalbeautyconcepts.com\/#\/schema\/logo\/image\/","url":"https:\/\/medicalbeautyconcepts.com\/wp-content\/uploads\/2019\/08\/medical-beauty-concepts.png","contentUrl":"https:\/\/medicalbeautyconcepts.com\/wp-content\/uploads\/2019\/08\/medical-beauty-concepts.png","width":442,"height":134,"caption":"Medical Beauty Concepts"},"image":{"@id":"https:\/\/medicalbeautyconcepts.com\/#\/schema\/logo\/image\/"},"sameAs":["https:\/\/www.instagram.com\/plastischechirurgiegram\/"]}]}},"_links":{"self":[{"href":"https:\/\/medicalbeautyconcepts.com\/en\/wp-json\/wp\/v2\/pages\/78","targetHints":{"allow":["GET"]}}],"collection":[{"href":"https:\/\/medicalbeautyconcepts.com\/en\/wp-json\/wp\/v2\/pages"}],"about":[{"href":"https:\/\/medicalbeautyconcepts.com\/en\/wp-json\/wp\/v2\/types\/page"}],"author":[{"embeddable":true,"href":"https:\/\/medicalbeautyconcepts.com\/en\/wp-json\/wp\/v2\/users\/1"}],"replies":[{"embeddable":true,"href":"https:\/\/medicalbeautyconcepts.com\/en\/wp-json\/wp\/v2\/comments?post=78"}],"version-history":[{"count":7,"href":"https:\/\/medicalbeautyconcepts.com\/en\/wp-json\/wp\/v2\/pages\/78\/revisions"}],"predecessor-version":[{"id":937,"href":"https:\/\/medicalbeautyconcepts.com\/en\/wp-json\/wp\/v2\/pages\/78\/revisions\/937"}],"wp:attachment":[{"href":"https:\/\/medicalbeautyconcepts.com\/en\/wp-json\/wp\/v2\/media?parent=78"}],"curies":[{"name":"wp","href":"https:\/\/api.w.org\/{rel}","templated":true}]}}