{"id":1368,"date":"2020-06-16T13:10:46","date_gmt":"2020-06-16T11:10:46","guid":{"rendered":"https:\/\/medicalbeautyconcepts.com\/?page_id=1368"},"modified":"2022-02-12T16:15:53","modified_gmt":"2022-02-12T15:15:53","slug":"education-and-information-about-your-skin-experience","status":"publish","type":"page","link":"https:\/\/medicalbeautyconcepts.com\/en\/education-and-information-about-your-skin-experience\/","title":{"rendered":"Information Skin Experience"},"content":{"rendered":"<p><\/p>\n\n\n\n<h2 class=\"wp-block-heading\"><strong>education and information <\/strong>to your skin experience<\/h2>\n\n\n\n<p><\/p>\n\n\n\n<p><strong>LOOK FORWARD TO YOUR PERSONAL SKIN EXPERIENCE!<\/strong><\/p>\n\n\n\n<p>Your personal SKIN EXPERIENCE is <strong>always individually tailored to your needs <\/strong>and <strong>every time new <\/strong>The ingredients and active substances used for you are characterized by <strong>optimal effect with the best possible tolerability <\/strong>Nevertheless, certain reactions or side effects can never be ruled out when using 100%. Especially when higher doses are used with medical advice and supervision:<\/p>\n\n\n\n<p>These include:<\/p>\n\n\n\n<p>allergic reaction of the skin with redness or irritation, flaking, burning, itching, pigment changes<\/p>\n\n\n\n<p>usually long-term use necessary for desired result, no guarantee of success<\/p>\n\n\n\n<p>you find <strong>all information <\/strong>to the SKIN EXPERIENCE on our homepage www.medicalbeautyconcepts.com<\/p>\n\n\n\n<p>If you have any questions, please contact our office at p@durnig.com<\/p>\n\n\n\n<p><strong>RECOMMENDED USE \u2013 DAILY RITUAL<\/strong><\/p>\n\n\n\n<p>Your SKIN EXPERIENCE should be adapted to your specific needs and the current season every 3 months and will then always be 100% fresh. In principle, the shelf life is<strong>at least 6 months<\/strong>Please do not heat above 30\u00b0C.<\/p>\n\n\n\n<p><strong>At least once a day after thorough cleaning<\/strong> with lukewarm water <strong>apply a fingertip full<\/strong> and with <strong>light massage<\/strong> Spread thinly over the face. Do not apply to the eyes as this may cause a burning sensation.<\/p>\n\n\n\n<p><strong>WHAT IS NOT INCLUDED<\/strong><\/p>\n\n\n\n<p>We consider it important what is NOT included: parabens, mineral oils, preservatives, etc.<\/p>\n\n\n\n<p>We wish you lots of fun and enjoyment with your SKIN EXPERIENCE.<\/p>\n\n\n\n<p>Dr. Peter Durnig | Specialist in Plastic Surgery | Beauty Expert<\/p>\n\n\n\n<p><\/p>\n\n\n\n<hr class=\"wp-block-separator\"\/>\n\n\n\n<hr class=\"wp-block-separator\"\/>\n\n\n\n<hr class=\"wp-block-separator\"\/>","protected":false},"excerpt":{"rendered":"<p>Explanation and information about your skin experience LOOK FORWARD TO YOUR PERSONAL SKIN EXPERIENCE! Your personal SKIN EXPERIENCE is always individually tailored to your needs and is put together anew each time. The ingredients and active substances used for you are characterized by optimal effectiveness and the best possible tolerability. Nevertheless, certain reactions or side effects can occur when using the product [...]<\/p>","protected":false},"author":3,"featured_media":0,"parent":0,"menu_order":0,"comment_status":"closed","ping_status":"closed","template":"","meta":{"_acf_changed":false,"footnotes":""},"class_list":["post-1368","page","type-page","status-publish","hentry"],"acf":[],"yoast_head":"<!-- This site is optimized with the Yoast SEO plugin v26.8 - https:\/\/yoast.com\/product\/yoast-seo-wordpress\/ -->\n<title>Aufkl\u00e4rung SKIN EXPERIENCE | Medical Beauty Concepts | Dr. DURNIG<\/title>\n<meta name=\"description\" content=\"Aufkl\u00e4rung und Information zu Ihrer SKIN EXPERIENCE by Durnig Aesthetics - empfohlene Anwendung und t\u00e4gliches Ritual\" \/>\n<meta name=\"robots\" content=\"index, follow, max-snippet:-1, max-image-preview:large, max-video-preview:-1\" \/>\n<link rel=\"canonical\" href=\"https:\/\/medicalbeautyconcepts.com\/en\/education-and-information-about-your-skin-experience\/\" \/>\n<meta property=\"og:locale\" content=\"en_GB\" \/>\n<meta property=\"og:type\" content=\"article\" \/>\n<meta property=\"og:title\" content=\"Aufkl\u00e4rung SKIN EXPERIENCE | Medical Beauty Concepts | Dr. DURNIG\" \/>\n<meta property=\"og:description\" content=\"Aufkl\u00e4rung und Information zu Ihrer SKIN EXPERIENCE by Durnig Aesthetics - empfohlene Anwendung und t\u00e4gliches Ritual\" \/>\n<meta property=\"og:url\" content=\"https:\/\/medicalbeautyconcepts.com\/en\/education-and-information-about-your-skin-experience\/\" \/>\n<meta property=\"og:site_name\" content=\"Medical Beauty Concepts\" \/>\n<meta property=\"article:modified_time\" content=\"2022-02-12T15:15:53+00:00\" \/>\n<meta name=\"twitter:card\" content=\"summary_large_image\" \/>\n<meta name=\"twitter:label1\" content=\"Estimated reading time\" \/>\n\t<meta name=\"twitter:data1\" content=\"1 minute\" \/>\n<script type=\"application\/ld+json\" class=\"yoast-schema-graph\">{\"@context\":\"https:\/\/schema.org\",\"@graph\":[{\"@type\":\"WebPage\",\"@id\":\"https:\/\/medicalbeautyconcepts.com\/aufklarung-und-informationen-zu-ihrer-skin-experience\/\",\"url\":\"https:\/\/medicalbeautyconcepts.com\/aufklarung-und-informationen-zu-ihrer-skin-experience\/\",\"name\":\"Aufkl\u00e4rung SKIN EXPERIENCE | Medical Beauty Concepts | Dr. DURNIG\",\"isPartOf\":{\"@id\":\"https:\/\/medicalbeautyconcepts.com\/#website\"},\"datePublished\":\"2020-06-16T11:10:46+00:00\",\"dateModified\":\"2022-02-12T15:15:53+00:00\",\"description\":\"Aufkl\u00e4rung und Information zu Ihrer SKIN EXPERIENCE by Durnig Aesthetics - empfohlene Anwendung und t\u00e4gliches Ritual\",\"breadcrumb\":{\"@id\":\"https:\/\/medicalbeautyconcepts.com\/aufklarung-und-informationen-zu-ihrer-skin-experience\/#breadcrumb\"},\"inLanguage\":\"en-GB\",\"potentialAction\":[{\"@type\":\"ReadAction\",\"target\":[\"https:\/\/medicalbeautyconcepts.com\/aufklarung-und-informationen-zu-ihrer-skin-experience\/\"]}]},{\"@type\":\"BreadcrumbList\",\"@id\":\"https:\/\/medicalbeautyconcepts.com\/aufklarung-und-informationen-zu-ihrer-skin-experience\/#breadcrumb\",\"itemListElement\":[{\"@type\":\"ListItem\",\"position\":1,\"name\":\"Home\",\"item\":\"https:\/\/medicalbeautyconcepts.com\/\"},{\"@type\":\"ListItem\",\"position\":2,\"name\":\"Informationen Skin Experience\"}]},{\"@type\":\"WebSite\",\"@id\":\"https:\/\/medicalbeautyconcepts.com\/#website\",\"url\":\"https:\/\/medicalbeautyconcepts.com\/\",\"name\":\"Medical Beauty Concepts\",\"description\":\"Premium Aesthetic Medicine\",\"publisher\":{\"@id\":\"https:\/\/medicalbeautyconcepts.com\/#organization\"},\"potentialAction\":[{\"@type\":\"SearchAction\",\"target\":{\"@type\":\"EntryPoint\",\"urlTemplate\":\"https:\/\/medicalbeautyconcepts.com\/?s={search_term_string}\"},\"query-input\":{\"@type\":\"PropertyValueSpecification\",\"valueRequired\":true,\"valueName\":\"search_term_string\"}}],\"inLanguage\":\"en-GB\"},{\"@type\":\"Organization\",\"@id\":\"https:\/\/medicalbeautyconcepts.com\/#organization\",\"name\":\"Medical Beauty Concepts\",\"url\":\"https:\/\/medicalbeautyconcepts.com\/\",\"logo\":{\"@type\":\"ImageObject\",\"inLanguage\":\"en-GB\",\"@id\":\"https:\/\/medicalbeautyconcepts.com\/#\/schema\/logo\/image\/\",\"url\":\"https:\/\/medicalbeautyconcepts.com\/wp-content\/uploads\/2019\/08\/medical-beauty-concepts.png\",\"contentUrl\":\"https:\/\/medicalbeautyconcepts.com\/wp-content\/uploads\/2019\/08\/medical-beauty-concepts.png\",\"width\":442,\"height\":134,\"caption\":\"Medical Beauty Concepts\"},\"image\":{\"@id\":\"https:\/\/medicalbeautyconcepts.com\/#\/schema\/logo\/image\/\"},\"sameAs\":[\"https:\/\/www.instagram.com\/plastischechirurgiegram\/\"]}]}<\/script>\n<!-- \/ Yoast SEO plugin. -->","yoast_head_json":{"title":"Information SKIN EXPERIENCE | Medical Beauty Concepts | Dr. DURNIG","description":"Education and information about your SKIN EXPERIENCE by Durnig Aesthetics - recommended application and daily ritual","robots":{"index":"index","follow":"follow","max-snippet":"max-snippet:-1","max-image-preview":"max-image-preview:large","max-video-preview":"max-video-preview:-1"},"canonical":"https:\/\/medicalbeautyconcepts.com\/en\/education-and-information-about-your-skin-experience\/","og_locale":"en_GB","og_type":"article","og_title":"Aufkl\u00e4rung SKIN EXPERIENCE | Medical Beauty Concepts | Dr. DURNIG","og_description":"Aufkl\u00e4rung und Information zu Ihrer SKIN EXPERIENCE by Durnig Aesthetics - empfohlene Anwendung und t\u00e4gliches Ritual","og_url":"https:\/\/medicalbeautyconcepts.com\/en\/education-and-information-about-your-skin-experience\/","og_site_name":"Medical Beauty Concepts","article_modified_time":"2022-02-12T15:15:53+00:00","twitter_card":"summary_large_image","twitter_misc":{"Estimated reading time":"1 minute"},"schema":{"@context":"https:\/\/schema.org","@graph":[{"@type":"WebPage","@id":"https:\/\/medicalbeautyconcepts.com\/aufklarung-und-informationen-zu-ihrer-skin-experience\/","url":"https:\/\/medicalbeautyconcepts.com\/aufklarung-und-informationen-zu-ihrer-skin-experience\/","name":"Information SKIN EXPERIENCE | Medical Beauty Concepts | Dr. DURNIG","isPartOf":{"@id":"https:\/\/medicalbeautyconcepts.com\/#website"},"datePublished":"2020-06-16T11:10:46+00:00","dateModified":"2022-02-12T15:15:53+00:00","description":"Education and information about your SKIN EXPERIENCE by Durnig Aesthetics - recommended application and daily ritual","breadcrumb":{"@id":"https:\/\/medicalbeautyconcepts.com\/aufklarung-und-informationen-zu-ihrer-skin-experience\/#breadcrumb"},"inLanguage":"en-GB","potentialAction":[{"@type":"ReadAction","target":["https:\/\/medicalbeautyconcepts.com\/aufklarung-und-informationen-zu-ihrer-skin-experience\/"]}]},{"@type":"BreadcrumbList","@id":"https:\/\/medicalbeautyconcepts.com\/aufklarung-und-informationen-zu-ihrer-skin-experience\/#breadcrumb","itemListElement":[{"@type":"ListItem","position":1,"name":"Home","item":"https:\/\/medicalbeautyconcepts.com\/"},{"@type":"ListItem","position":2,"name":"Informationen Skin Experience"}]},{"@type":"WebSite","@id":"https:\/\/medicalbeautyconcepts.com\/#website","url":"https:\/\/medicalbeautyconcepts.com\/","name":"Medical Beauty Concepts","description":"Premium Aesthetic Medicine","publisher":{"@id":"https:\/\/medicalbeautyconcepts.com\/#organization"},"potentialAction":[{"@type":"SearchAction","target":{"@type":"EntryPoint","urlTemplate":"https:\/\/medicalbeautyconcepts.com\/?s={search_term_string}"},"query-input":{"@type":"PropertyValueSpecification","valueRequired":true,"valueName":"search_term_string"}}],"inLanguage":"en-GB"},{"@type":"Organization","@id":"https:\/\/medicalbeautyconcepts.com\/#organization","name":"Medical Beauty Concepts","url":"https:\/\/medicalbeautyconcepts.com\/","logo":{"@type":"ImageObject","inLanguage":"en-GB","@id":"https:\/\/medicalbeautyconcepts.com\/#\/schema\/logo\/image\/","url":"https:\/\/medicalbeautyconcepts.com\/wp-content\/uploads\/2019\/08\/medical-beauty-concepts.png","contentUrl":"https:\/\/medicalbeautyconcepts.com\/wp-content\/uploads\/2019\/08\/medical-beauty-concepts.png","width":442,"height":134,"caption":"Medical Beauty Concepts"},"image":{"@id":"https:\/\/medicalbeautyconcepts.com\/#\/schema\/logo\/image\/"},"sameAs":["https:\/\/www.instagram.com\/plastischechirurgiegram\/"]}]}},"_links":{"self":[{"href":"https:\/\/medicalbeautyconcepts.com\/en\/wp-json\/wp\/v2\/pages\/1368","targetHints":{"allow":["GET"]}}],"collection":[{"href":"https:\/\/medicalbeautyconcepts.com\/en\/wp-json\/wp\/v2\/pages"}],"about":[{"href":"https:\/\/medicalbeautyconcepts.com\/en\/wp-json\/wp\/v2\/types\/page"}],"author":[{"embeddable":true,"href":"https:\/\/medicalbeautyconcepts.com\/en\/wp-json\/wp\/v2\/users\/3"}],"replies":[{"embeddable":true,"href":"https:\/\/medicalbeautyconcepts.com\/en\/wp-json\/wp\/v2\/comments?post=1368"}],"version-history":[{"count":7,"href":"https:\/\/medicalbeautyconcepts.com\/en\/wp-json\/wp\/v2\/pages\/1368\/revisions"}],"predecessor-version":[{"id":1417,"href":"https:\/\/medicalbeautyconcepts.com\/en\/wp-json\/wp\/v2\/pages\/1368\/revisions\/1417"}],"wp:attachment":[{"href":"https:\/\/medicalbeautyconcepts.com\/en\/wp-json\/wp\/v2\/media?parent=1368"}],"curies":[{"name":"wp","href":"https:\/\/api.w.org\/{rel}","templated":true}]}}