{"id":3,"date":"2019-08-01T10:42:08","date_gmt":"2019-08-01T08:42:08","guid":{"rendered":"http:\/\/durnig.loc:81\/?page_id=3"},"modified":"2020-05-08T09:21:00","modified_gmt":"2020-05-08T07:21:00","slug":"data-protection","status":"publish","type":"page","link":"http:\/\/medicalbeautyconcepts.com\/en\/data-protection\/","title":{"rendered":"data protection"},"content":{"rendered":"<h1 class=\"wp-block-heading\">data protection<\/h1>\n\n\n\n<p>The protection of your personal data is of particular importance to us. We therefore process your data exclusively on the basis of the statutory provisions (GDPR, TKG 2003). In this data protection declaration we inform you about the most important aspects of data processing on our website.<\/p>\n\n\n\n<hr class=\"wp-block-separator\"\/>\n\n\n\n<h2 class=\"wp-block-heading\">1. Name and address of the controller<\/h2>\n\n\n\n<p>The controller within the meaning of the General Data Protection Regulation is:<\/p>\n\n\n\n<p>Dr. Peter Durnig<br>Lidmanskygasse 8<br>9020 Klagenfurt am W\u00f6rthersee<br>T: +43 699 1 99 88 009<br>E: p@durnig.com<br>\u00a0<\/p>\n\n\n\n<hr class=\"wp-block-separator\"\/>\n\n\n\n<h2 class=\"wp-block-heading\">2. Collection of personal data<\/h2>\n\n\n\n<p>When you simply visit our website, we only store access data in so-called server log files. This is data that your browser makes available and which is not personally identifiable, namely:<\/p>\n\n\n\n<ul class=\"wp-block-list\"><li>browser type\/version<\/li><li>Operating system used<\/li><li>Referrer URL (the previously visited page)<\/li><li>Hostname of the accessing computer (IP address)<\/li><li>time and data of the server request<\/li><\/ul>\n\n\n\n<p>We cannot assign this data to specific people. This data is not combined with other data sources and is deleted after a statistical evaluation. For this purpose, user access to our websites is stored in the server log files, including the IP address. These log files are processed monthly for statistical purposes using analysis software and then deleted. It is not possible for us to draw any conclusions about a specific person when using the data.<\/p>\n\n\n\n<p>Some functions of our website require visitors to provide personal information such as name and email address. Names and details can be provided voluntarily.<\/p>\n\n\n\n<p>We process your data on servers located in Austria and therefore within the framework of the EU data protection standards. However, we would like to point out possible exceptions under point 5 of this declaration (\u201cGoogle Analytics\u201d) if third-party tools are used that have their server location abroad.<\/p>\n\n\n\n<hr class=\"wp-block-separator\"\/>\n\n\n\n<h2 class=\"wp-block-heading\">3. Data collection<\/h2>\n\n\n\n<p>If you have approved the use of personal data for special purposes that are subject to the consent reservation, you can revoke this approval at any time. The data will then be deleted by us. You are entitled to restrict the consent to the use of your data. In this case, deletion will only take place within the scope of the restriction.<\/p>\n\n\n\n<hr class=\"wp-block-separator\"\/>\n\n\n\n<h2 class=\"wp-block-heading\">3.1 Intended use<\/h2>\n\n\n\n<p>We use your personal information for the following purposes: To provide the services you have requested.<\/p>\n\n\n\n<hr class=\"wp-block-separator\"\/>\n\n\n\n<h2 class=\"wp-block-heading\">4. Rights of the data subjects<\/h2>\n\n\n\n<p><br><strong>a) Revocation<\/strong><\/p>\n\n\n\n<p>You are entitled to revoke your consent to the storage of your personal data at any time. You are also entitled to revoke your consent to the collection and storage of further voluntary data by us at any time. We would like to point out that in order to protect your privacy and security, we will verify your identity before you can take such measures. If you wish to object to the use of your data in the future and\/or revoke your consent, please contact the following address, if possible enclosing a copy of your ID card:\u00a0<a href=\"mailto:kuss@kuss-friseure.at\">p@durnig.com<\/a>\u00a0If you revoke your consent to the storage, processing and use of your personal data, we will immediately delete or block all of your stored data.<\/p>\n\n\n\n<p><br><strong>b) Blocking, deletion and correction of your personal data<\/strong><\/p>\n\n\n\n<p>You have the right to restrict, object to, block, delete and\/or correct personal data stored by us. You also have the right to data transfer.<\/p>\n\n\n\n<p><br><strong>c) Right to information<\/strong><\/p>\n\n\n\n<p>You can request confirmation from us as to whether and to what extent we process your data.<\/p>\n\n\n\n<p><br><strong>d) Right of appeal<\/strong><\/p>\n\n\n\n<p>If you believe that we are violating Austrian or European data protection law when processing your data, please contact us so that we can clarify any questions you may have. You also have the right to lodge a complaint with the Austrian Data Protection Authority, or from May 25, 2018, with a supervisory authority within the EU.<\/p>\n\n\n\n<hr class=\"wp-block-separator\"\/>\n\n\n\n<h2 class=\"wp-block-heading\">5. Data protection provisions for the use of Google Analytics<\/h2>\n\n\n\n<p>This website uses Google Analytics, a web analysis service provided by Google Inc. (&quot;Google&quot;). Google Analytics uses &quot;cookies&quot;, text files placed on your computer, to help the website analyze how users use the site. The information generated by the cookie about your use of the website (including your IP address) will be transmitted to and stored by Google on servers in the United States. Google will use this information to evaluate your use of the website, to compile reports on website activity for website operators and to provide other services related to website activity and internet usage. Google may also transfer this information to third parties where required by law, or where such third parties process the data on Google&#039;s behalf. Google will never associate your IP address with any other Google data. You may prevent cookies from being installed by setting your browser software accordingly, however please note that if you do this you may not be able to use the full functionality of this website. By using this website, you consent to the processing of data about you by Google in the manner and for the purposes set out above.<\/p>\n\n\n\n<hr class=\"wp-block-separator\"\/>\n\n\n\n<h2 class=\"wp-block-heading\">6. Privacy Policy for Cookies<\/h2>\n\n\n\n<p>Our website uses cookies. These are small text files that make it possible to store specific, user-related information on the user&#039;s device while he or she is using the website. Cookies make it possible, in particular, to determine the frequency of use and number of users of the pages, to analyze behavior during page usage, but also to make our offer more customer-friendly. Cookies remain stored beyond the end of a browser session and can be called up again when the page is visited again. If you do not want this, you should set your Internet browser so that it refuses to accept cookies.<\/p>\n\n\n\n<hr class=\"wp-block-separator\"\/>\n\n\n\n<h2 class=\"wp-block-heading\">7. Duration of data storage<\/h2>\n\n\n\n<p>Personal data is stored for the duration of the statutory retention period. After expiry of this period, the corresponding data is routinely deleted unless it is no longer required to fulfill or initiate a contract.<\/p>\n\n\n\n<hr class=\"wp-block-separator\"\/>\n\n\n\n<h2 class=\"wp-block-heading\">8. Updating the provisions<\/h2>\n\n\n\n<p>Dr. Peter Durnig reserves the right to change these terms and conditions at any time according to business requirements.<\/p>\n\n\n\n<hr class=\"wp-block-separator\"\/>\n\n\n\n<h2 class=\"wp-block-heading\">9. You can reach us at the following contact details<\/h2>\n\n\n\n<p>Dr. Peter Durnig<br>Lidmanskygasse 8<br>9020 Klagenfurt am W\u00f6rthersee<br>T: +43 699 1 99 88 009<br>E: p@durnig.com<\/p>","protected":false},"excerpt":{"rendered":"<p>Data protection The protection of your personal data is of particular importance to us. We therefore process your data exclusively on the basis of the statutory provisions (GDPR, TKG 2003). In this data protection declaration we inform you about the most important aspects of data processing on our website. 1. Name and address of the person responsible for processing Responsible within the meaning of the General Data Protection Regulation [...]<\/p>","protected":false},"author":1,"featured_media":0,"parent":0,"menu_order":0,"comment_status":"closed","ping_status":"open","template":"","meta":{"_acf_changed":false,"footnotes":""},"class_list":["post-3","page","type-page","status-publish","hentry"],"acf":[],"yoast_head":"<!-- This site is optimized with the Yoast SEO plugin v26.8 - https:\/\/yoast.com\/product\/yoast-seo-wordpress\/ -->\n<title>Datenschutz | Medical Beauty Concepts<\/title>\n<meta name=\"robots\" content=\"index, follow, max-snippet:-1, max-image-preview:large, max-video-preview:-1\" \/>\n<link rel=\"canonical\" href=\"https:\/\/medicalbeautyconcepts.com\/en\/data-protection\/\" \/>\n<meta property=\"og:locale\" content=\"en_GB\" \/>\n<meta property=\"og:type\" content=\"article\" \/>\n<meta property=\"og:title\" content=\"Datenschutz | Medical Beauty Concepts\" \/>\n<meta property=\"og:description\" content=\"Datenschutz Der Schutz Ihrer pers\u00f6nlichen Daten ist uns ein besonderes Anliegen. Wir verarbeiten Ihre Daten daher ausschlie\u00dflich auf Grundlage der gesetzlichen Bestimmungen (DSGVO, TKG 2003). In dieser Datenschutzerkl\u00e4rung informieren wir Sie \u00fcber die wichtigsten Aspekte der Datenverarbeitung im Rahmen unserer Webseite. 1. Name und Anschrift des f\u00fcr die Verarbeitung Verantwortlichen Verantwortlicher im Sinne der Datenschutzgrundverordnung [&hellip;]\" \/>\n<meta property=\"og:url\" content=\"https:\/\/medicalbeautyconcepts.com\/en\/data-protection\/\" \/>\n<meta property=\"og:site_name\" content=\"Medical Beauty Concepts\" \/>\n<meta property=\"article:modified_time\" content=\"2020-05-08T07:21:00+00:00\" \/>\n<meta name=\"twitter:card\" content=\"summary_large_image\" \/>\n<meta name=\"twitter:label1\" content=\"Estimated reading time\" \/>\n\t<meta name=\"twitter:data1\" content=\"5 minutes\" \/>\n<script type=\"application\/ld+json\" class=\"yoast-schema-graph\">{\"@context\":\"https:\/\/schema.org\",\"@graph\":[{\"@type\":\"WebPage\",\"@id\":\"https:\/\/medicalbeautyconcepts.com\/datenschutz\/\",\"url\":\"https:\/\/medicalbeautyconcepts.com\/datenschutz\/\",\"name\":\"Datenschutz | Medical Beauty Concepts\",\"isPartOf\":{\"@id\":\"https:\/\/medicalbeautyconcepts.com\/#website\"},\"datePublished\":\"2019-08-01T08:42:08+00:00\",\"dateModified\":\"2020-05-08T07:21:00+00:00\",\"breadcrumb\":{\"@id\":\"https:\/\/medicalbeautyconcepts.com\/datenschutz\/#breadcrumb\"},\"inLanguage\":\"en-GB\",\"potentialAction\":[{\"@type\":\"ReadAction\",\"target\":[\"https:\/\/medicalbeautyconcepts.com\/datenschutz\/\"]}]},{\"@type\":\"BreadcrumbList\",\"@id\":\"https:\/\/medicalbeautyconcepts.com\/datenschutz\/#breadcrumb\",\"itemListElement\":[{\"@type\":\"ListItem\",\"position\":1,\"name\":\"Home\",\"item\":\"https:\/\/medicalbeautyconcepts.com\/\"},{\"@type\":\"ListItem\",\"position\":2,\"name\":\"Datenschutz\"}]},{\"@type\":\"WebSite\",\"@id\":\"https:\/\/medicalbeautyconcepts.com\/#website\",\"url\":\"https:\/\/medicalbeautyconcepts.com\/\",\"name\":\"Medical Beauty Concepts\",\"description\":\"Premium Aesthetic Medicine\",\"publisher\":{\"@id\":\"https:\/\/medicalbeautyconcepts.com\/#organization\"},\"potentialAction\":[{\"@type\":\"SearchAction\",\"target\":{\"@type\":\"EntryPoint\",\"urlTemplate\":\"https:\/\/medicalbeautyconcepts.com\/?s={search_term_string}\"},\"query-input\":{\"@type\":\"PropertyValueSpecification\",\"valueRequired\":true,\"valueName\":\"search_term_string\"}}],\"inLanguage\":\"en-GB\"},{\"@type\":\"Organization\",\"@id\":\"https:\/\/medicalbeautyconcepts.com\/#organization\",\"name\":\"Medical Beauty Concepts\",\"url\":\"https:\/\/medicalbeautyconcepts.com\/\",\"logo\":{\"@type\":\"ImageObject\",\"inLanguage\":\"en-GB\",\"@id\":\"https:\/\/medicalbeautyconcepts.com\/#\/schema\/logo\/image\/\",\"url\":\"https:\/\/medicalbeautyconcepts.com\/wp-content\/uploads\/2019\/08\/medical-beauty-concepts.png\",\"contentUrl\":\"https:\/\/medicalbeautyconcepts.com\/wp-content\/uploads\/2019\/08\/medical-beauty-concepts.png\",\"width\":442,\"height\":134,\"caption\":\"Medical Beauty Concepts\"},\"image\":{\"@id\":\"https:\/\/medicalbeautyconcepts.com\/#\/schema\/logo\/image\/\"},\"sameAs\":[\"https:\/\/www.instagram.com\/plastischechirurgiegram\/\"]}]}<\/script>\n<!-- \/ Yoast SEO plugin. -->","yoast_head_json":{"title":"Data Protection | Medical Beauty Concepts","robots":{"index":"index","follow":"follow","max-snippet":"max-snippet:-1","max-image-preview":"max-image-preview:large","max-video-preview":"max-video-preview:-1"},"canonical":"https:\/\/medicalbeautyconcepts.com\/en\/data-protection\/","og_locale":"en_GB","og_type":"article","og_title":"Datenschutz | Medical Beauty Concepts","og_description":"Datenschutz Der Schutz Ihrer pers\u00f6nlichen Daten ist uns ein besonderes Anliegen. Wir verarbeiten Ihre Daten daher ausschlie\u00dflich auf Grundlage der gesetzlichen Bestimmungen (DSGVO, TKG 2003). In dieser Datenschutzerkl\u00e4rung informieren wir Sie \u00fcber die wichtigsten Aspekte der Datenverarbeitung im Rahmen unserer Webseite. 1. Name und Anschrift des f\u00fcr die Verarbeitung Verantwortlichen Verantwortlicher im Sinne der Datenschutzgrundverordnung [&hellip;]","og_url":"https:\/\/medicalbeautyconcepts.com\/en\/data-protection\/","og_site_name":"Medical Beauty Concepts","article_modified_time":"2020-05-08T07:21:00+00:00","twitter_card":"summary_large_image","twitter_misc":{"Estimated reading time":"5 minutes"},"schema":{"@context":"https:\/\/schema.org","@graph":[{"@type":"WebPage","@id":"https:\/\/medicalbeautyconcepts.com\/datenschutz\/","url":"https:\/\/medicalbeautyconcepts.com\/datenschutz\/","name":"Data Protection | Medical Beauty Concepts","isPartOf":{"@id":"https:\/\/medicalbeautyconcepts.com\/#website"},"datePublished":"2019-08-01T08:42:08+00:00","dateModified":"2020-05-08T07:21:00+00:00","breadcrumb":{"@id":"https:\/\/medicalbeautyconcepts.com\/datenschutz\/#breadcrumb"},"inLanguage":"en-GB","potentialAction":[{"@type":"ReadAction","target":["https:\/\/medicalbeautyconcepts.com\/datenschutz\/"]}]},{"@type":"BreadcrumbList","@id":"https:\/\/medicalbeautyconcepts.com\/datenschutz\/#breadcrumb","itemListElement":[{"@type":"ListItem","position":1,"name":"Home","item":"https:\/\/medicalbeautyconcepts.com\/"},{"@type":"ListItem","position":2,"name":"Datenschutz"}]},{"@type":"WebSite","@id":"https:\/\/medicalbeautyconcepts.com\/#website","url":"https:\/\/medicalbeautyconcepts.com\/","name":"Medical Beauty Concepts","description":"Premium Aesthetic Medicine","publisher":{"@id":"https:\/\/medicalbeautyconcepts.com\/#organization"},"potentialAction":[{"@type":"SearchAction","target":{"@type":"EntryPoint","urlTemplate":"https:\/\/medicalbeautyconcepts.com\/?s={search_term_string}"},"query-input":{"@type":"PropertyValueSpecification","valueRequired":true,"valueName":"search_term_string"}}],"inLanguage":"en-GB"},{"@type":"Organization","@id":"https:\/\/medicalbeautyconcepts.com\/#organization","name":"Medical Beauty Concepts","url":"https:\/\/medicalbeautyconcepts.com\/","logo":{"@type":"ImageObject","inLanguage":"en-GB","@id":"https:\/\/medicalbeautyconcepts.com\/#\/schema\/logo\/image\/","url":"https:\/\/medicalbeautyconcepts.com\/wp-content\/uploads\/2019\/08\/medical-beauty-concepts.png","contentUrl":"https:\/\/medicalbeautyconcepts.com\/wp-content\/uploads\/2019\/08\/medical-beauty-concepts.png","width":442,"height":134,"caption":"Medical Beauty Concepts"},"image":{"@id":"https:\/\/medicalbeautyconcepts.com\/#\/schema\/logo\/image\/"},"sameAs":["https:\/\/www.instagram.com\/plastischechirurgiegram\/"]}]}},"_links":{"self":[{"href":"http:\/\/medicalbeautyconcepts.com\/en\/wp-json\/wp\/v2\/pages\/3","targetHints":{"allow":["GET"]}}],"collection":[{"href":"http:\/\/medicalbeautyconcepts.com\/en\/wp-json\/wp\/v2\/pages"}],"about":[{"href":"http:\/\/medicalbeautyconcepts.com\/en\/wp-json\/wp\/v2\/types\/page"}],"author":[{"embeddable":true,"href":"http:\/\/medicalbeautyconcepts.com\/en\/wp-json\/wp\/v2\/users\/1"}],"replies":[{"embeddable":true,"href":"http:\/\/medicalbeautyconcepts.com\/en\/wp-json\/wp\/v2\/comments?post=3"}],"version-history":[{"count":4,"href":"http:\/\/medicalbeautyconcepts.com\/en\/wp-json\/wp\/v2\/pages\/3\/revisions"}],"predecessor-version":[{"id":821,"href":"http:\/\/medicalbeautyconcepts.com\/en\/wp-json\/wp\/v2\/pages\/3\/revisions\/821"}],"wp:attachment":[{"href":"http:\/\/medicalbeautyconcepts.com\/en\/wp-json\/wp\/v2\/media?parent=3"}],"curies":[{"name":"wp","href":"https:\/\/api.w.org\/{rel}","templated":true}]}}