{"id":2660,"date":"2020-05-25T08:44:33","date_gmt":"2020-05-25T06:44:33","guid":{"rendered":"https:\/\/medicalbeautyconcepts.com\/produkte\/"},"modified":"2020-05-25T08:44:33","modified_gmt":"2020-05-25T06:44:33","slug":"products","status":"publish","type":"page","link":"http:\/\/medicalbeautyconcepts.com\/en\/products\/","title":{"rendered":"products"},"content":{"rendered":"<p>Discover all our Beauty Secrets \u2013 Our products are easy to distinguish by consecutive numbers and different color spots.<\/p>\n\n\n\n<p>Our beauty secrets score highly in all aspects \u2013 because they contain no preservatives, no animal testing, are 100% natural and are also a quality product from Austria.<\/p>\n\n\n\n<p><strong>Skin care in step with the times <\/strong><\/p>\n\n\n\n<p>The call for healthy, gentle alternatives to chemical care products is getting louder and louder among the population. To meet this demand, Dr. Peter Durnig has developed the skin care range &quot;The Beauty Secret&quot;. All products are completely free of chemical preservatives, mineral oils or emulsifiers. Instead, the products contain skin-related lipids, which ensure a balanced moisture balance and support the regeneration of the natural protective barrier - even in sensitive skin. &quot;The criticism of chemical additives in care products is getting louder and the desire for natural products is growing - in my opinion, completely rightly so. In order to meet the high demands of consumers, I have developed the Beauty Secret care range,&quot; says Dr. Durnig, who has already been voted Austria&#039;s most popular cosmetic surgeon several times via Docfinder.<\/p>\n\n\n\n<p><strong>quality over quantity<\/strong><\/p>\n\n\n\n<p>Beauty Secrets stands for high-quality luxury products, not mass-produced products. To ensure high quality, the products are hand-made in a factory. Only the innermost core of high-quality natural raw materials is used. This meets society&#039;s desire for unadulterated nature in a new and modern way. Chemical stabilizing additives commonly used in the cosmetics industry, such as silicones, petroleum, PEG substances or parabens, are completely avoided.<\/p>","protected":false},"excerpt":{"rendered":"<p>Discover all of our beauty secrets - our products are easy to distinguish thanks to consecutive numbers and different color spots. Our beauty secrets score points in all aspects - because they contain no preservatives, no animal testing, are 100% pure nature and are also a quality product from Austria. Skin care in tune with the times The population has a reputation [...]<\/p>","protected":false},"author":1,"featured_media":0,"parent":0,"menu_order":0,"comment_status":"closed","ping_status":"closed","template":"template-produkte.php","meta":{"_acf_changed":false,"footnotes":""},"class_list":["post-2660","page","type-page","status-publish","hentry"],"acf":[],"yoast_head":"<!-- This site is optimized with the Yoast SEO plugin v26.8 - https:\/\/yoast.com\/product\/yoast-seo-wordpress\/ -->\n<title>Produkte | Medical Beauty Concepts<\/title>\n<meta name=\"robots\" content=\"index, follow, max-snippet:-1, max-image-preview:large, max-video-preview:-1\" \/>\n<link rel=\"canonical\" href=\"https:\/\/medicalbeautyconcepts.com\/en\/products\/\" \/>\n<meta property=\"og:locale\" content=\"en_GB\" \/>\n<meta property=\"og:type\" content=\"article\" \/>\n<meta property=\"og:title\" content=\"Produkte | Medical Beauty Concepts\" \/>\n<meta property=\"og:description\" content=\"Entdecken Sie alle unsere Beauty Secrets &#8211; Unsere Produkte sind durch fortlaufende Nummern und verschiedene Farb-Spots leicht zu unterscheiden. Unsere Beauty Secrets punkten in allen Aspekten &#8211; denn sie sind ohne Konservierungsstoffe, ohne Tierversuche, 100% Natur pur und noch dazu ein Qualit\u00e4tsprodukt aus \u00d6sterreich. Hautpflege am Puls der Zeit In der Bev\u00f6lkerung wird der Ruf [&hellip;]\" \/>\n<meta property=\"og:url\" content=\"https:\/\/medicalbeautyconcepts.com\/en\/products\/\" \/>\n<meta property=\"og:site_name\" content=\"Medical Beauty Concepts\" \/>\n<meta name=\"twitter:card\" content=\"summary_large_image\" \/>\n<meta name=\"twitter:label1\" content=\"Estimated reading time\" \/>\n\t<meta name=\"twitter:data1\" content=\"1 minute\" \/>\n<script type=\"application\/ld+json\" class=\"yoast-schema-graph\">{\"@context\":\"https:\/\/schema.org\",\"@graph\":[{\"@type\":\"WebPage\",\"@id\":\"https:\/\/medicalbeautyconcepts.com\/produkte\/\",\"url\":\"https:\/\/medicalbeautyconcepts.com\/produkte\/\",\"name\":\"Produkte | Medical Beauty Concepts\",\"isPartOf\":{\"@id\":\"https:\/\/medicalbeautyconcepts.com\/#website\"},\"datePublished\":\"2020-05-25T06:44:33+00:00\",\"breadcrumb\":{\"@id\":\"https:\/\/medicalbeautyconcepts.com\/produkte\/#breadcrumb\"},\"inLanguage\":\"en-GB\",\"potentialAction\":[{\"@type\":\"ReadAction\",\"target\":[\"https:\/\/medicalbeautyconcepts.com\/produkte\/\"]}]},{\"@type\":\"BreadcrumbList\",\"@id\":\"https:\/\/medicalbeautyconcepts.com\/produkte\/#breadcrumb\",\"itemListElement\":[{\"@type\":\"ListItem\",\"position\":1,\"name\":\"Home\",\"item\":\"https:\/\/medicalbeautyconcepts.com\/\"},{\"@type\":\"ListItem\",\"position\":2,\"name\":\"Produkte\"}]},{\"@type\":\"WebSite\",\"@id\":\"https:\/\/medicalbeautyconcepts.com\/#website\",\"url\":\"https:\/\/medicalbeautyconcepts.com\/\",\"name\":\"Medical Beauty Concepts\",\"description\":\"Premium Aesthetic Medicine\",\"publisher\":{\"@id\":\"https:\/\/medicalbeautyconcepts.com\/#organization\"},\"potentialAction\":[{\"@type\":\"SearchAction\",\"target\":{\"@type\":\"EntryPoint\",\"urlTemplate\":\"https:\/\/medicalbeautyconcepts.com\/?s={search_term_string}\"},\"query-input\":{\"@type\":\"PropertyValueSpecification\",\"valueRequired\":true,\"valueName\":\"search_term_string\"}}],\"inLanguage\":\"en-GB\"},{\"@type\":\"Organization\",\"@id\":\"https:\/\/medicalbeautyconcepts.com\/#organization\",\"name\":\"Medical Beauty Concepts\",\"url\":\"https:\/\/medicalbeautyconcepts.com\/\",\"logo\":{\"@type\":\"ImageObject\",\"inLanguage\":\"en-GB\",\"@id\":\"https:\/\/medicalbeautyconcepts.com\/#\/schema\/logo\/image\/\",\"url\":\"https:\/\/medicalbeautyconcepts.com\/wp-content\/uploads\/2019\/08\/medical-beauty-concepts.png\",\"contentUrl\":\"https:\/\/medicalbeautyconcepts.com\/wp-content\/uploads\/2019\/08\/medical-beauty-concepts.png\",\"width\":442,\"height\":134,\"caption\":\"Medical Beauty Concepts\"},\"image\":{\"@id\":\"https:\/\/medicalbeautyconcepts.com\/#\/schema\/logo\/image\/\"},\"sameAs\":[\"https:\/\/www.instagram.com\/plastischechirurgiegram\/\"]}]}<\/script>\n<!-- \/ Yoast SEO plugin. -->","yoast_head_json":{"title":"Products | Medical Beauty Concepts","robots":{"index":"index","follow":"follow","max-snippet":"max-snippet:-1","max-image-preview":"max-image-preview:large","max-video-preview":"max-video-preview:-1"},"canonical":"https:\/\/medicalbeautyconcepts.com\/en\/products\/","og_locale":"en_GB","og_type":"article","og_title":"Produkte | Medical Beauty Concepts","og_description":"Entdecken Sie alle unsere Beauty Secrets &#8211; Unsere Produkte sind durch fortlaufende Nummern und verschiedene Farb-Spots leicht zu unterscheiden. Unsere Beauty Secrets punkten in allen Aspekten &#8211; denn sie sind ohne Konservierungsstoffe, ohne Tierversuche, 100% Natur pur und noch dazu ein Qualit\u00e4tsprodukt aus \u00d6sterreich. Hautpflege am Puls der Zeit In der Bev\u00f6lkerung wird der Ruf [&hellip;]","og_url":"https:\/\/medicalbeautyconcepts.com\/en\/products\/","og_site_name":"Medical Beauty Concepts","twitter_card":"summary_large_image","twitter_misc":{"Estimated reading time":"1 minute"},"schema":{"@context":"https:\/\/schema.org","@graph":[{"@type":"WebPage","@id":"https:\/\/medicalbeautyconcepts.com\/produkte\/","url":"https:\/\/medicalbeautyconcepts.com\/produkte\/","name":"Products | Medical Beauty Concepts","isPartOf":{"@id":"https:\/\/medicalbeautyconcepts.com\/#website"},"datePublished":"2020-05-25T06:44:33+00:00","breadcrumb":{"@id":"https:\/\/medicalbeautyconcepts.com\/produkte\/#breadcrumb"},"inLanguage":"en-GB","potentialAction":[{"@type":"ReadAction","target":["https:\/\/medicalbeautyconcepts.com\/produkte\/"]}]},{"@type":"BreadcrumbList","@id":"https:\/\/medicalbeautyconcepts.com\/produkte\/#breadcrumb","itemListElement":[{"@type":"ListItem","position":1,"name":"Home","item":"https:\/\/medicalbeautyconcepts.com\/"},{"@type":"ListItem","position":2,"name":"Produkte"}]},{"@type":"WebSite","@id":"https:\/\/medicalbeautyconcepts.com\/#website","url":"https:\/\/medicalbeautyconcepts.com\/","name":"Medical Beauty Concepts","description":"Premium Aesthetic Medicine","publisher":{"@id":"https:\/\/medicalbeautyconcepts.com\/#organization"},"potentialAction":[{"@type":"SearchAction","target":{"@type":"EntryPoint","urlTemplate":"https:\/\/medicalbeautyconcepts.com\/?s={search_term_string}"},"query-input":{"@type":"PropertyValueSpecification","valueRequired":true,"valueName":"search_term_string"}}],"inLanguage":"en-GB"},{"@type":"Organization","@id":"https:\/\/medicalbeautyconcepts.com\/#organization","name":"Medical Beauty Concepts","url":"https:\/\/medicalbeautyconcepts.com\/","logo":{"@type":"ImageObject","inLanguage":"en-GB","@id":"https:\/\/medicalbeautyconcepts.com\/#\/schema\/logo\/image\/","url":"https:\/\/medicalbeautyconcepts.com\/wp-content\/uploads\/2019\/08\/medical-beauty-concepts.png","contentUrl":"https:\/\/medicalbeautyconcepts.com\/wp-content\/uploads\/2019\/08\/medical-beauty-concepts.png","width":442,"height":134,"caption":"Medical Beauty Concepts"},"image":{"@id":"https:\/\/medicalbeautyconcepts.com\/#\/schema\/logo\/image\/"},"sameAs":["https:\/\/www.instagram.com\/plastischechirurgiegram\/"]}]}},"_links":{"self":[{"href":"http:\/\/medicalbeautyconcepts.com\/en\/wp-json\/wp\/v2\/pages\/2660","targetHints":{"allow":["GET"]}}],"collection":[{"href":"http:\/\/medicalbeautyconcepts.com\/en\/wp-json\/wp\/v2\/pages"}],"about":[{"href":"http:\/\/medicalbeautyconcepts.com\/en\/wp-json\/wp\/v2\/types\/page"}],"author":[{"embeddable":true,"href":"http:\/\/medicalbeautyconcepts.com\/en\/wp-json\/wp\/v2\/users\/1"}],"replies":[{"embeddable":true,"href":"http:\/\/medicalbeautyconcepts.com\/en\/wp-json\/wp\/v2\/comments?post=2660"}],"version-history":[{"count":0,"href":"http:\/\/medicalbeautyconcepts.com\/en\/wp-json\/wp\/v2\/pages\/2660\/revisions"}],"wp:attachment":[{"href":"http:\/\/medicalbeautyconcepts.com\/en\/wp-json\/wp\/v2\/media?parent=2660"}],"curies":[{"name":"wp","href":"https:\/\/api.w.org\/{rel}","templated":true}]}}