{"id":1106,"date":"2020-05-25T08:44:33","date_gmt":"2020-05-25T06:44:33","guid":{"rendered":"https:\/\/medicalbeautyconcepts.com\/?page_id=1106"},"modified":"2022-01-02T20:05:59","modified_gmt":"2022-01-02T19:05:59","slug":"beauty-secrets-medical-cosmetics","status":"publish","type":"page","link":"http:\/\/medicalbeautyconcepts.com\/en\/beauty-secrets-medical-cosmetics\/","title":{"rendered":"Beauty Secrets \u2013 Medical Cosmetics"},"content":{"rendered":"<p>Beauty Secrets sind unsere Medizinische Kosmetik &#8211; entwickelt vom Plastischen Chirurgen Dr. Peter Durnig. Entdecken Sie alle unsere Beauty Secrets &#8211; Unsere Produkte sind durch fortlaufende Nummern und verschiedene Farb-Spots leicht zu unterscheiden.<\/p>\n\n\n\n<p>Our beauty secrets score highly in all aspects \u2013 because they contain no preservatives, no animal testing, are 100% natural and are also a quality product from Austria.<\/p>\n\n\n\n<p><strong>Skin care in step with the times <\/strong><\/p>\n\n\n\n<p>In der Bev\u00f6lkerung wird der Ruf nach gesunden, schonenden Alternativen zu chemischen Pflegeprodukten immer lauter. Um diesem Wunsch zu entsprechen hat Dr. Peter Durnig die Hautpflegeserie \u201eThe Beauty Secret\u201c entwickelt. In allen Produkten wird v\u00f6llig auf chemische Konservierung, Mineral\u00f6le oder Emulgatoren verzichtet. Stattdessen enthalten die Artikel hautverwandte Lipide, welche f\u00fcr einen ausgeglichenen Feuchtigkeitshaushalt sorgen und die Regeneration der nat\u00fcrlichen Schutzbarriere \u2013 auch bei sensibler Haut \u2013 unterst\u00fctzen. \u201eDie Kritik an chemischen Zus\u00e4tzen in Pflegeprodukten wird immer lauter und der Wunsch nach nat\u00fcrlichen Produkten wird immer gr\u00f6\u00dfer \u2013 meiner Meinung nach vollkommen zu Recht. Um dem hohen Anspruch der Konsument:Innen gerecht zu werden, habe ich die <strong><a href=\"http:\/\/www.thebeautysecret.at\">Beauty Secret Kosmetik-Pflegeserie<\/a><\/strong> entwickelt\u201c, meint Dr. Durnig, welcher bereits mehrfach via Docfinder zum beliebtesten Sch\u00f6nheitschirurgen \u00d6sterreichs gew\u00e4hlt wurde.<\/p>\n\n\n\n<p><strong>quality over quantity<\/strong><\/p>\n\n\n\n<p>Beauty Secrets stands for high-quality luxury products, not mass-produced products. To ensure high quality, the products are hand-made in a factory. Only the innermost core of high-quality natural raw materials is used. This meets society&#039;s desire for unadulterated nature in a new and modern way. Chemical stabilizing additives commonly used in the cosmetics industry, such as silicones, petroleum, PEG substances or parabens, are completely avoided.<\/p>\n\n\n\n<p><strong>Erfahrungen aus der Sch\u00f6nheitsmedizin &#8211; The Beauty Secrets &#8211; Medizinische Kosmetik<\/strong><\/p>\n\n\n\n<p>Dr. Peter Durnig l\u00e4\u00dft seine Erfahrungen aus der Sch\u00f6nheitsmedizin und Patientenw\u00fcnsche in sein Konzept einflie\u00dfen: &#8222;Du willst DEINE Haut pflegen und ihr etwas gutes tun. Individualit\u00e4t, Nat\u00fcrlichkeit und Qualit\u00e4t liegen voll im Trend. Wir stehen 100% daf\u00fcr!&#8220; Die Beauty Secrets sind Teil eines Gesamtkonzeptes f\u00fcr individuelle und nat\u00fcrliche Sch\u00f6nheit &#8211; <strong><a href=\"https:\/\/medicalbeautyconcepts.com\/en\/plastic-surgery-klagenfurt-carinthia\/\">Medical Beauty Concepts<\/a><\/strong>.<\/p>\n\n\n\n<p><\/p>","protected":false},"excerpt":{"rendered":"<p>Beauty Secrets sind unsere Medizinische Kosmetik &#8211; entwickelt vom Plastischen Chirurgen Dr. Peter Durnig. Entdecken Sie alle unsere Beauty Secrets &#8211; Unsere Produkte sind durch fortlaufende Nummern und verschiedene Farb-Spots leicht zu unterscheiden. Unsere Beauty Secrets punkten in allen Aspekten &#8211; denn sie sind ohne Konservierungsstoffe, ohne Tierversuche, 100% Natur pur und noch dazu ein [&hellip;]<\/p>","protected":false},"author":1,"featured_media":0,"parent":0,"menu_order":0,"comment_status":"closed","ping_status":"closed","template":"template-produkte.php","meta":{"_acf_changed":false,"footnotes":""},"class_list":["post-1106","page","type-page","status-publish","hentry"],"acf":[],"yoast_head":"<!-- This site is optimized with the Yoast SEO plugin v26.8 - https:\/\/yoast.com\/product\/yoast-seo-wordpress\/ -->\n<title>Beauty Secrets - medizinische Kosmetik by Dr. DURNIG<\/title>\n<meta name=\"description\" content=\"Beauty Secrets | Individualisierte medizinische Kosmetik by Dr. DURNIG | Hautpflege am Puls der Zeit | handmade in Austria\" \/>\n<meta name=\"robots\" content=\"index, follow, max-snippet:-1, max-image-preview:large, max-video-preview:-1\" \/>\n<link rel=\"canonical\" href=\"https:\/\/medicalbeautyconcepts.com\/en\/beauty-secrets-medical-cosmetics\/\" \/>\n<meta property=\"og:locale\" content=\"en_GB\" \/>\n<meta property=\"og:type\" content=\"article\" \/>\n<meta property=\"og:title\" content=\"Beauty Secrets - medizinische Kosmetik by Dr. DURNIG\" \/>\n<meta property=\"og:description\" content=\"Beauty Secrets | Individualisierte medizinische Kosmetik by Dr. DURNIG | Hautpflege am Puls der Zeit | handmade in Austria\" \/>\n<meta property=\"og:url\" content=\"https:\/\/medicalbeautyconcepts.com\/en\/beauty-secrets-medical-cosmetics\/\" \/>\n<meta property=\"og:site_name\" content=\"Medical Beauty Concepts\" \/>\n<meta property=\"article:modified_time\" content=\"2022-01-02T19:05:59+00:00\" \/>\n<meta name=\"twitter:card\" content=\"summary_large_image\" \/>\n<meta name=\"twitter:label1\" content=\"Estimated reading time\" \/>\n\t<meta name=\"twitter:data1\" content=\"2 minutes\" \/>\n<script type=\"application\/ld+json\" class=\"yoast-schema-graph\">{\"@context\":\"https:\/\/schema.org\",\"@graph\":[{\"@type\":\"WebPage\",\"@id\":\"https:\/\/medicalbeautyconcepts.com\/beauty-secrets-medizinische-kosmetik\/\",\"url\":\"https:\/\/medicalbeautyconcepts.com\/beauty-secrets-medizinische-kosmetik\/\",\"name\":\"Beauty Secrets - medizinische Kosmetik by Dr. DURNIG\",\"isPartOf\":{\"@id\":\"https:\/\/medicalbeautyconcepts.com\/#website\"},\"datePublished\":\"2020-05-25T06:44:33+00:00\",\"dateModified\":\"2022-01-02T19:05:59+00:00\",\"description\":\"Beauty Secrets | Individualisierte medizinische Kosmetik by Dr. DURNIG | Hautpflege am Puls der Zeit | handmade in Austria\",\"breadcrumb\":{\"@id\":\"https:\/\/medicalbeautyconcepts.com\/beauty-secrets-medizinische-kosmetik\/#breadcrumb\"},\"inLanguage\":\"en-GB\",\"potentialAction\":[{\"@type\":\"ReadAction\",\"target\":[\"https:\/\/medicalbeautyconcepts.com\/beauty-secrets-medizinische-kosmetik\/\"]}]},{\"@type\":\"BreadcrumbList\",\"@id\":\"https:\/\/medicalbeautyconcepts.com\/beauty-secrets-medizinische-kosmetik\/#breadcrumb\",\"itemListElement\":[{\"@type\":\"ListItem\",\"position\":1,\"name\":\"Home\",\"item\":\"https:\/\/medicalbeautyconcepts.com\/\"},{\"@type\":\"ListItem\",\"position\":2,\"name\":\"Beauty Secrets &#8211; Medizinische Kosmetik\"}]},{\"@type\":\"WebSite\",\"@id\":\"https:\/\/medicalbeautyconcepts.com\/#website\",\"url\":\"https:\/\/medicalbeautyconcepts.com\/\",\"name\":\"Medical Beauty Concepts\",\"description\":\"Premium Aesthetic Medicine\",\"publisher\":{\"@id\":\"https:\/\/medicalbeautyconcepts.com\/#organization\"},\"potentialAction\":[{\"@type\":\"SearchAction\",\"target\":{\"@type\":\"EntryPoint\",\"urlTemplate\":\"https:\/\/medicalbeautyconcepts.com\/?s={search_term_string}\"},\"query-input\":{\"@type\":\"PropertyValueSpecification\",\"valueRequired\":true,\"valueName\":\"search_term_string\"}}],\"inLanguage\":\"en-GB\"},{\"@type\":\"Organization\",\"@id\":\"https:\/\/medicalbeautyconcepts.com\/#organization\",\"name\":\"Medical Beauty Concepts\",\"url\":\"https:\/\/medicalbeautyconcepts.com\/\",\"logo\":{\"@type\":\"ImageObject\",\"inLanguage\":\"en-GB\",\"@id\":\"https:\/\/medicalbeautyconcepts.com\/#\/schema\/logo\/image\/\",\"url\":\"https:\/\/medicalbeautyconcepts.com\/wp-content\/uploads\/2019\/08\/medical-beauty-concepts.png\",\"contentUrl\":\"https:\/\/medicalbeautyconcepts.com\/wp-content\/uploads\/2019\/08\/medical-beauty-concepts.png\",\"width\":442,\"height\":134,\"caption\":\"Medical Beauty Concepts\"},\"image\":{\"@id\":\"https:\/\/medicalbeautyconcepts.com\/#\/schema\/logo\/image\/\"},\"sameAs\":[\"https:\/\/www.instagram.com\/plastischechirurgiegram\/\"]}]}<\/script>\n<!-- \/ Yoast SEO plugin. -->","yoast_head_json":{"title":"Beauty Secrets - medical cosmetics by Dr. DURNIG","description":"Beauty Secrets | Individualized medical cosmetics by Dr. DURNIG | Skin care in step with the times | handmade in Austria","robots":{"index":"index","follow":"follow","max-snippet":"max-snippet:-1","max-image-preview":"max-image-preview:large","max-video-preview":"max-video-preview:-1"},"canonical":"https:\/\/medicalbeautyconcepts.com\/en\/beauty-secrets-medical-cosmetics\/","og_locale":"en_GB","og_type":"article","og_title":"Beauty Secrets - medizinische Kosmetik by Dr. DURNIG","og_description":"Beauty Secrets | Individualisierte medizinische Kosmetik by Dr. DURNIG | Hautpflege am Puls der Zeit | handmade in Austria","og_url":"https:\/\/medicalbeautyconcepts.com\/en\/beauty-secrets-medical-cosmetics\/","og_site_name":"Medical Beauty Concepts","article_modified_time":"2022-01-02T19:05:59+00:00","twitter_card":"summary_large_image","twitter_misc":{"Estimated reading time":"2 minutes"},"schema":{"@context":"https:\/\/schema.org","@graph":[{"@type":"WebPage","@id":"https:\/\/medicalbeautyconcepts.com\/beauty-secrets-medizinische-kosmetik\/","url":"https:\/\/medicalbeautyconcepts.com\/beauty-secrets-medizinische-kosmetik\/","name":"Beauty Secrets - medical cosmetics by Dr. DURNIG","isPartOf":{"@id":"https:\/\/medicalbeautyconcepts.com\/#website"},"datePublished":"2020-05-25T06:44:33+00:00","dateModified":"2022-01-02T19:05:59+00:00","description":"Beauty Secrets | Individualized medical cosmetics by Dr. DURNIG | Skin care in step with the times | handmade in Austria","breadcrumb":{"@id":"https:\/\/medicalbeautyconcepts.com\/beauty-secrets-medizinische-kosmetik\/#breadcrumb"},"inLanguage":"en-GB","potentialAction":[{"@type":"ReadAction","target":["https:\/\/medicalbeautyconcepts.com\/beauty-secrets-medizinische-kosmetik\/"]}]},{"@type":"BreadcrumbList","@id":"https:\/\/medicalbeautyconcepts.com\/beauty-secrets-medizinische-kosmetik\/#breadcrumb","itemListElement":[{"@type":"ListItem","position":1,"name":"Home","item":"https:\/\/medicalbeautyconcepts.com\/"},{"@type":"ListItem","position":2,"name":"Beauty Secrets &#8211; Medizinische Kosmetik"}]},{"@type":"WebSite","@id":"https:\/\/medicalbeautyconcepts.com\/#website","url":"https:\/\/medicalbeautyconcepts.com\/","name":"Medical Beauty Concepts","description":"Premium Aesthetic Medicine","publisher":{"@id":"https:\/\/medicalbeautyconcepts.com\/#organization"},"potentialAction":[{"@type":"SearchAction","target":{"@type":"EntryPoint","urlTemplate":"https:\/\/medicalbeautyconcepts.com\/?s={search_term_string}"},"query-input":{"@type":"PropertyValueSpecification","valueRequired":true,"valueName":"search_term_string"}}],"inLanguage":"en-GB"},{"@type":"Organization","@id":"https:\/\/medicalbeautyconcepts.com\/#organization","name":"Medical Beauty Concepts","url":"https:\/\/medicalbeautyconcepts.com\/","logo":{"@type":"ImageObject","inLanguage":"en-GB","@id":"https:\/\/medicalbeautyconcepts.com\/#\/schema\/logo\/image\/","url":"https:\/\/medicalbeautyconcepts.com\/wp-content\/uploads\/2019\/08\/medical-beauty-concepts.png","contentUrl":"https:\/\/medicalbeautyconcepts.com\/wp-content\/uploads\/2019\/08\/medical-beauty-concepts.png","width":442,"height":134,"caption":"Medical Beauty Concepts"},"image":{"@id":"https:\/\/medicalbeautyconcepts.com\/#\/schema\/logo\/image\/"},"sameAs":["https:\/\/www.instagram.com\/plastischechirurgiegram\/"]}]}},"_links":{"self":[{"href":"http:\/\/medicalbeautyconcepts.com\/en\/wp-json\/wp\/v2\/pages\/1106","targetHints":{"allow":["GET"]}}],"collection":[{"href":"http:\/\/medicalbeautyconcepts.com\/en\/wp-json\/wp\/v2\/pages"}],"about":[{"href":"http:\/\/medicalbeautyconcepts.com\/en\/wp-json\/wp\/v2\/types\/page"}],"author":[{"embeddable":true,"href":"http:\/\/medicalbeautyconcepts.com\/en\/wp-json\/wp\/v2\/users\/1"}],"replies":[{"embeddable":true,"href":"http:\/\/medicalbeautyconcepts.com\/en\/wp-json\/wp\/v2\/comments?post=1106"}],"version-history":[{"count":19,"href":"http:\/\/medicalbeautyconcepts.com\/en\/wp-json\/wp\/v2\/pages\/1106\/revisions"}],"predecessor-version":[{"id":3795,"href":"http:\/\/medicalbeautyconcepts.com\/en\/wp-json\/wp\/v2\/pages\/1106\/revisions\/3795"}],"wp:attachment":[{"href":"http:\/\/medicalbeautyconcepts.com\/en\/wp-json\/wp\/v2\/media?parent=1106"}],"curies":[{"name":"wp","href":"https:\/\/api.w.org\/{rel}","templated":true}]}}